{"id":10543,"date":"2022-02-10T07:46:10","date_gmt":"2022-02-10T06:46:10","guid":{"rendered":"http:\/\/advantum.com\/?page_id=10543"},"modified":"2022-08-29T15:08:17","modified_gmt":"2022-08-29T13:08:17","slug":"privacy-policy","status":"publish","type":"page","link":"https:\/\/advantum.com\/en\/privacy-policy\/","title":{"rendered":"Integrity Policy"},"content":{"rendered":"\n<h1 class=\"wp-block-heading\" id=\"sekretesspolicy\">Sekretesspolicy<\/h1>\n\n\n\n<h3 class=\"wp-block-heading\" id=\"allmant\">Allm\u00e4nt<\/h3>\n\n\n\n<p>InfoTech Scandinavia (nedan sammantaget \u201cvi\u201d) respekterar din integritet och r\u00e4tten att ha kontroll \u00f6ver dina personuppgifter. V\u00e5ra v\u00e4gledande principer \u00e4r enkla. Vi kommer att vara \u00f6ppna med vilka data vi samlar in och varf\u00f6r.<\/p>\n\n\n\n<p>V\u00e5r behandling av personuppgifter sker i enlighet med de best\u00e4mmelser som f\u00f6ljer av vid var tid g\u00e4llande personuppgiftslagstiftning inklusive EU:s allm\u00e4nna dataskyddsf\u00f6rordning, EU 2016\/679, (\u201dGDPR\u201d).<\/p>\n\n\n\n<p>Detta dokument skall ses som en \u00f6vergripande information om vilken typ av personuppgifter som vi kan behandla, f\u00f6r vilka \u00e4ndam\u00e5l, mot vilken r\u00e4ttslig grund och var du kan v\u00e4nda dig om du har fr\u00e5gor.<\/p>\n\n\n\n<h3 class=\"wp-block-heading\" id=\"personuppgifter-vi-samlar-in\">Personuppgifter vi samlar in<\/h3>\n\n\n\n<p>Vi inh\u00e4mtar uppgifterna i f\u00f6rsta hand direkt fr\u00e5n dig inom ramen f\u00f6r den relation som vi har med dig. Du kan vara kontaktperson hos n\u00e5gon av v\u00e5ra kunder, leverant\u00f6rer och\/eller samarbetspartners eller tillika underkonsult, arbetss\u00f6kande och\/eller student. Kort sagt, personer som vi interagerar med inom ramen f\u00f6r v\u00e5r verksamhet kan vi komma att behandla personuppgifter f\u00f6r s\u00e5som ett led i v\u00e5rdandet av v\u00e5r relation. Exempel p\u00e5 personuppgifter vi kan komma att behandla \u00e4r ditt namn, kontaktuppgifter till dig s\u00e5som mobiltelefonnummer och e-postadress. Vi kan \u00e4ven komma att uppdatera dina uppgifter fr\u00e5n andra offentliga register, s\u00e5 som via Bolagsverket, SPAR, mm om det bed\u00f6ms som beh\u00f6vligt f\u00f6r att uppr\u00e4tth\u00e5lla god registerv\u00e5rd.<\/p>\n\n\n\n<p>Vi kan \u00e4ven komma att registrera personuppgifter n\u00e4r du interagerar digitalt med oss i samband med:<\/p>\n\n\n\n<ul class=\"wp-block-list\"><li>Anm\u00e4lan till en tj\u00e4nst som erbjuds via de olika plattformar som vi erbjuder.<\/li><li>N\u00e4r du fyller i dit namn och e-postadress och\/eller ditt mobiltelefonnummer p\u00e5 n\u00e5gon av v\u00e5ra webbplatser.<\/li><li>Om du kontaktar oss via e-post, v\u00e5ra webbplatser och social media.<\/li><li>Om du anm\u00e4ler dig till n\u00e5got av v\u00e5ra nyhetsbrev.<\/li><li>Ditt bes\u00f6k p\u00e5 v\u00e5ra webbplatser och\/eller appar, inklusive men inte begr\u00e4nsat till trafikdata, platsdata, webbloggar och annan kommunikationsdata samt t.ex. den IP-adress, typ av enhet, operativsystem och webbl\u00e4sartyp som anv\u00e4nds f\u00f6r bes\u00f6ket.<\/li><\/ul>\n\n\n\n<h3 class=\"wp-block-heading\" id=\"hur-vi-anvander-insamlad-information\">Hur vi anv\u00e4nder insamlad information<\/h3>\n\n\n\n<p>Vi behandlar dina personuppgifter efter det relevanta \u00e4ndam\u00e5let och den relevanta relation du har eller kan t\u00e4nkas f\u00e5 med oss, och detta varierar beroende p\u00e5 om du \u00e4r kund, partner, arbetss\u00f6kande, uppsatsskrivande, leverant\u00f6r, f\u00f6retr\u00e4dare f\u00f6r myndighet\/kommun m.m.<\/p>\n\n\n\n<p>Vi behandlar personuppgifter i huvudsak f\u00f6r de \u00e4ndam\u00e5l som anges nedan:<\/p>\n\n\n\n<ul class=\"wp-block-list\"><li>F\u00f6r att hantera samt v\u00e5rda v\u00e5ra kund- eller leverant\u00f6r- och\/eller partnerrelationer med ditt f\u00f6retag (d\u00e4r du \u00e4r anst\u00e4lld) eller dig som uppdragstagare, och fullg\u00f6ra det som f\u00f6ljer av g\u00e4llande avtal, best\u00e4llningar och f\u00f6rfr\u00e5gningar, vilket inbegriper anv\u00e4ndande av digitalt aff\u00e4rsst\u00f6d s\u00e5som kundv\u00e5rdssystem och leverant\u00f6rsdatabaser.<\/li><li>F\u00f6r att hantera och v\u00e5rda v\u00e5r relation med dig som enskild uppdragstagare eller arbetss\u00f6kande i syfte att matcha intressenter mot uppdrag och positioner.<\/li><li>F\u00f6r att hantera administration, fakturering, korrespondens mm med v\u00e5ra samarbetspartners och m\u00f6jligg\u00f6ra god service,, r\u00e4tta felaktiga uppgifter och\/eller skicka information som du har beg\u00e4rt, eller som vi bed\u00f6mer kan vara av ditt intresse mot bakgrund av \u00e5r relation.<\/li><li>F\u00f6r att fullg\u00f6ra och administrera v\u00e5ra \u00e5taganden inom ramen f\u00f6r v\u00e5ra digitala tj\u00e4nster (webbplatser, appar, databaser mm) som erbjuds av oss.<\/li><li>F\u00f6r att utveckla och f\u00f6rb\u00e4ttra v\u00e5ra digitala tj\u00e4nster, vilket kan inbegripa analys av anv\u00e4ndarbeteende och statistiska data p\u00e5 aggregerad niv\u00e5.<\/li><li>F\u00f6r att kontakta dig via app, SMS, e-post eller post om andra erbjudanden, kampanjer eller tj\u00e4nster som vi tror kan vara av intresse f\u00f6r dig, (observera att du kan tacka nej till denna marknadsf\u00f6ring).<\/li><li>F\u00f6r att lagra och analysera uppgifter om anv\u00e4ndande av tj\u00e4nst\/er som kan ligga till grund f\u00f6r erbjudanden samt marknadsf\u00f6ring av b\u00e5de generell och riktad karakt\u00e4r, varvid i det senare \u00e4ven segmentering\/profilering kan anv\u00e4ndas;<\/li><\/ul>\n\n\n\n<p>Vid all hantering av personuppgifter iakttas sekretess och relevant niv\u00e5 p\u00e5 organisatoriska och tekniska s\u00e4kerhets\u00e5tg\u00e4rder baserat p\u00e5 risk och k\u00e4nslighet.<\/p>\n\n\n\n<h3 class=\"wp-block-heading\" id=\"om-cookies\">Om cookies<\/h3>\n\n\n\n<p>N\u00e4r du anv\u00e4nder v\u00e5ra webbplatser eller appar kan det h\u00e4nda att personuppgifter samlas in via t.ex. cookies. D\u00e5 lagras informationen om din anv\u00e4ndning och vilka sidor som bes\u00f6ks. Det kan vara teknisk information om din enhet och internetuppkoppling s\u00e5som operativsystem, webbl\u00e4sarversion, IP-adress, cookies och unika identifierare. Vid bes\u00f6k p\u00e5 v\u00e5ra webbplatser d\u00e4r v\u00e5ra tj\u00e4nster tillhandah\u00e5lls, kan olika tekniker anv\u00e4ndas f\u00f6r att k\u00e4nna igen dig i syfte att l\u00e4ra oss mer om v\u00e5ra anv\u00e4ndare. Detta kan ske direkt eller genom anv\u00e4ndning av teknik fr\u00e5n tredje part.<\/p>\n\n\n\n<h3 class=\"wp-block-heading\" id=\"information-som-kan-lamnas-ut\">Information som kan l\u00e4mnas ut<\/h3>\n\n\n\n<p>Vi kan komma att l\u00e4mna vidare dina personuppgifter till f\u00f6retag inom v\u00e5r koncern inom ramen f\u00f6r det samarbete vi har inom f\u00f6retagsgruppen och som vi bed\u00f6mer \u00e4r av intresse och relevans f\u00f6r den aff\u00e4rsrelation vi har med din arbetsgivare eller dig. Vi kan vidare dela personuppgifter med tj\u00e4nsteleverant\u00f6rer som vi har anlitat f\u00f6r att uppfylla \u00e4ndam\u00e5len med v\u00e5r behandling av dina personuppgifter. Dessa tj\u00e4nsteleverant\u00f6rer tillhandah\u00e5ller IT-relaterade tj\u00e4nster och marknadsf\u00f6ringstj\u00e4nster s\u00e5vida annat inte informerats. \u00c4r du uppdrags\u2013 eller arbetss\u00f6kande kan \u00e4ven uppgifter utl\u00e4mnas till utomst\u00e5ende kund- eller partnerf\u00f6retag som ett led i v\u00e5rt arbete att hitta uppdrag f\u00f6r dig.<\/p>\n\n\n\n<p>Vi samarbetar endast med partners som behandlar personuppgifter inom EU\/EES [eller med f\u00f6retag som uppr\u00e4tth\u00e5ller samma skyddsniv\u00e5 som inom EU\/EES.] All \u00f6verf\u00f6ring av personuppgifter f\u00f6ljer kraven i GDPR.<\/p>\n\n\n\n<h3 class=\"wp-block-heading\" id=\"rattslig-grund\">R\u00e4ttslig grund<\/h3>\n\n\n\n<p>I och med att du l\u00e4mnar uppgifter till oss ger du din till\u00e5telse till att vi registrerar och lagrar uppgifter om vilken tj\u00e4nst som anv\u00e4nts samt behandlar de angivna personuppgifterna f\u00f6r angivna \u00e4ndam\u00e5l. Vi behandlar dina personuppgifter p\u00e5 basis av att det \u00e4r n\u00f6dv\u00e4ndigt f\u00f6r att fullg\u00f6ra v\u00e5ra r\u00e4ttsliga f\u00f6rpliktelser, f\u00f6r v\u00e5ra ber\u00e4ttigade intressen, samt i f\u00f6rekommande fall p\u00e5 basis av ditt samtycke. I de allra flesta fall sker v\u00e5r behandling av personuppgifter som ett naturligt led i v\u00e5rdandet av v\u00e5r relation med din arbetsgivare\/uppdragsgivare \u2013 eller med dig som individ \u2013 vilket d\u00e5 inneb\u00e4r att detta \u00e4ger rum mot bakgrund av v\u00e5rt ber\u00e4ttigade intresse.<\/p>\n\n\n\n<p>I vissa fall efterfr\u00e5gas dock att du skall l\u00e4mna ett samtycke till att vi f\u00e5r hantera dina personuppgifter f\u00f6r ett s\u00e4rskilt \u00e4ndam\u00e5l. Genom att du p\u00e5 v\u00e5r webbplats eller i n\u00e5gon av v\u00e5ra digitala tj\u00e4nster klickar p\u00e5 knappen \u201dJag samtycker\u201d, eller p\u00e5 liknande vis l\u00e4mnar ditt samtycke, samtycker du till att dina l\u00e4mnade personuppgifter, s\u00e5som ditt namn, telefonnummer och e-postadress, f\u00e5r anv\u00e4ndas f\u00f6r det relevanta \u00e4ndam\u00e5let som beskrivs i anslutning till ditt l\u00e4mnade samtycke.<\/p>\n\n\n\n<h3 class=\"wp-block-heading\" id=\"lagring-och-gallring-av-personuppgifter\">Lagring och gallring av personuppgifter<\/h3>\n\n\n\n<p>Behandlingen sker enligt g\u00e4llande lagstiftning och inneb\u00e4r att personuppgifter inte bevaras under en l\u00e4ngre tid \u00e4n vad som \u00e4r n\u00f6dv\u00e4ndigt med h\u00e4nsyn till \u00e4ndam\u00e5len med behandlingen. Vi kommer att lagra dina personuppgifter s\u00e5 l\u00e4nge du \u00e4r aktiv och potentiell kund, leverant\u00f6r (inklusive underkonsultpartner eller arbetss\u00f6kande), eller samarbetspartner till oss. Har v\u00e5r relation upph\u00f6rt och\/eller det inte anses rimligt att den skall \u00e5teraktiveras skall vi gallra dina uppgifter. S\u00e5dan genomg\u00e5ng sker periodvis och vanligen minst en g\u00e5ng om \u00e5ret. S\u00e5vida vi inte har s\u00e4rskilt p\u00e5talat det, eller inh\u00e4mtat ditt specifika godk\u00e4nnande, gallras personuppgifter tillh\u00f6rande personer som har varit inaktiva i sin relation med oss senast efter 3 \u00e5rs inaktivitet.<\/p>\n\n\n\n<p>Viss information kan beh\u00e5llas l\u00e4ngre d\u00e5 det kr\u00e4vs s\u00e5 pga andra lagkrav, som exempelvis bokf\u00f6ringslagen.<\/p>\n\n\n\n<h3 class=\"wp-block-heading\" id=\"dina-rattigheter-och-val\">Dina r\u00e4ttigheter och val<\/h3>\n\n\n\n<p>Du har r\u00e4ttigheter n\u00e4r det g\u00e4ller dina personuppgifter och du har m\u00f6jlighet att p\u00e5verka din information och vad som sparas. Vi kommer p\u00e5 eget, ditt och\/eller v\u00e5r samarbetspartners initiativ, att r\u00e4tta uppgifter som uppt\u00e4cks vara felaktiga. Du kan \u00e4ven beg\u00e4ra att dina uppgifter raderas eller att dess anv\u00e4ndning begr\u00e4nsas genom att kontakta oss (f\u00f6r kontaktv\u00e4gar se rubriken \u201dS\u00e5 kontaktar du oss\u201d). Om du anser att dina r\u00e4ttigheter inte respekteras av oss f\u00e5r du g\u00e4rna kontakta oss eller s\u00e5 kan du h\u00f6ra av dig till integritetsskyddsmyndigheten (f.d. datainspektionen). Du har r\u00e4tt att under vissa omst\u00e4ndigheter f\u00e5 ut de personuppgifter som du l\u00e4mnat till oss och som r\u00f6r dig i ett elektroniskt format som \u00e4r allm\u00e4nt anv\u00e4nt och har r\u00e4tt \u00f6verf\u00f6ra s\u00e5dana uppgifter till en annan personuppgiftsansvarig (dataportabilitet). Du har \u00e4ven r\u00e4tt att g\u00f6ra inv\u00e4ndningar mot behandlingen av dina personuppgifter som sker p\u00e5 basis av ber\u00e4ttigande intresse. Om s\u00e5 sker m\u00e5ste vi p\u00e5visa tvingande ber\u00e4ttigade sk\u00e4l som v\u00e4ger tyngre \u00e4n dina intressen, r\u00e4ttigheter och friheter f\u00f6r att f\u00e5 forts\u00e4tta behandlingen.<\/p>\n\n\n\n<p>Du kan n\u00e4r som helst avst\u00e5 fr\u00e5n att ta emot marknadsf\u00f6ringskommunikation fr\u00e5n oss genom att \u2013 d\u00e4r s\u00e5 finns \u2013 uppdatera dina kontoinst\u00e4llningar p\u00e5 \u201dMina Sidor\u201d (eller liknande), genom att klicka p\u00e5 \u201davsluta prenumeration\u201d i e-post och SMS kommunikation, som vi skickar dig. Du \u00e4r alltid v\u00e4lkommen att d\u00e4rut\u00f6ver kontakta oss f\u00f6r att f\u00e5 hj\u00e4lp att tacka nej till v\u00e5r kommunikation.<\/p>\n\n\n\n<p>Du kan erh\u00e5lla information om vilka personuppgifter som \u00e4r registrerade, genom att skriftligt beg\u00e4ra ett s.k. registerutdrag fr\u00e5n oss (f\u00f6r kontaktv\u00e4gar se rubriken \u201dS\u00e5 kontaktar du oss\u201d).<\/p>\n\n\n\n<h3 class=\"wp-block-heading\" id=\"lankar-till-andra-webbplatser\">L\u00e4nkar till andra webbplatser<\/h3>\n\n\n\n<p>I h\u00e4ndelse av att v\u00e5ra webbplatser inneh\u00e5ller l\u00e4nkar till tredje parts webbplatser, hemsidor, eller material publicerat hos tredje part, \u00e4r dessa l\u00e4nkar endast f\u00f6r informationssyfte. Eftersom vi saknar kontroll \u00f6ver inneh\u00e5llet p\u00e5 dessa webbplatser eller dess material ansvarar vi d\u00e4rf\u00f6r inte f\u00f6r dess inneh\u00e5ll. Vi ansvarar inte heller f\u00f6r skador eller f\u00f6rluster som skulle kunna uppst\u00e5 vid anv\u00e4ndning av dessa l\u00e4nkar.<\/p>\n\n\n\n<h3 class=\"wp-block-heading\" id=\"sa-har-kontaktar-du-oss\">S\u00e5 h\u00e4r kontaktar du oss<\/h3>\n\n\n\n<p>F\u00f6r ytterligare information om personuppgiftshantering eller om du har fr\u00e5gor, ombeds du att i f\u00f6rsta hand alltid kontakta den\/de kontaktpersoner som du har hos oss. Har du ingen s\u00e5dan utpekad kontaktperson \u00e4r du v\u00e4lkommen att kontakta oss enligt f\u00f6ljande:<\/p>\n\n\n\n<p>InfoTech Scandinavia AB<br>Att: Dataskyddsansvarig<\/p>\n\n\n\n<p>Baltzarsgatan 21B<br>211 36 Malm\u00f6<\/p>\n","protected":false},"excerpt":{"rendered":"<p>Sekretesspolicy Allm\u00e4nt InfoTech Scandinavia (nedan sammantaget \u201cvi\u201d) respekterar din integritet och r\u00e4tten att ha kontroll \u00f6ver dina personuppgifter. V\u00e5ra v\u00e4gledande principer \u00e4r enkla. Vi kommer att vara \u00f6ppna med vilka data vi samlar in och varf\u00f6r. V\u00e5r behandling av personuppgifter sker i enlighet med de best\u00e4mmelser som f\u00f6ljer av vid var tid g\u00e4llande personuppgiftslagstiftning inklusive [&hellip;]<\/p>\n","protected":false},"author":1,"featured_media":0,"parent":0,"menu_order":0,"comment_status":"closed","ping_status":"closed","template":"","meta":{"footnotes":""},"class_list":["post-10543","page","type-page","status-publish","hentry"],"_links":{"self":[{"href":"https:\/\/advantum.com\/en\/wp-json\/wp\/v2\/pages\/10543","targetHints":{"allow":["GET"]}}],"collection":[{"href":"https:\/\/advantum.com\/en\/wp-json\/wp\/v2\/pages"}],"about":[{"href":"https:\/\/advantum.com\/en\/wp-json\/wp\/v2\/types\/page"}],"author":[{"embeddable":true,"href":"https:\/\/advantum.com\/en\/wp-json\/wp\/v2\/users\/1"}],"replies":[{"embeddable":true,"href":"https:\/\/advantum.com\/en\/wp-json\/wp\/v2\/comments?post=10543"}],"version-history":[{"count":3,"href":"https:\/\/advantum.com\/en\/wp-json\/wp\/v2\/pages\/10543\/revisions"}],"predecessor-version":[{"id":10789,"href":"https:\/\/advantum.com\/en\/wp-json\/wp\/v2\/pages\/10543\/revisions\/10789"}],"wp:attachment":[{"href":"https:\/\/advantum.com\/en\/wp-json\/wp\/v2\/media?parent=10543"}],"curies":[{"name":"wp","href":"https:\/\/api.w.org\/{rel}","templated":true}]}}