{"id":11090,"date":"2023-11-15T10:19:02","date_gmt":"2023-11-15T09:19:02","guid":{"rendered":"http:\/\/advantum.com\/?page_id=11090"},"modified":"2025-05-27T17:14:17","modified_gmt":"2025-05-27T15:14:17","slug":"validation-starter-package-2","status":"publish","type":"page","link":"https:\/\/advantum.com\/en\/valideringsstartpaket\/","title":{"rendered":"Validation starter package"},"content":{"rendered":"<h1 class=\"wp-block-heading\">Validation starter package<\/h1>\n\n\n\n<h5 class=\"wp-block-heading\">N\u00e4r ett system ska valideras kan det vara sv\u00e5rt att veta var man ska b\u00f6rja och det kan \u00e4ven ta mycket tid. Validering \u00e4r n\u00e5got som utf\u00f6rs f\u00f6r att s\u00e4kerst\u00e4lla att systemet m\u00f6ter de krav som st\u00e4lls och att det m\u00f6ter det avsedda anv\u00e4ndningsomr\u00e5det satt fr\u00e5n verksamheten.<\/h5>\n\n\n\n<figure class=\"wp-block-image size-full is-resized\"><img decoding=\"async\" width=\"300\" height=\"178\" src=\"https:\/\/en2obzn6m33.exactdn.com\/wp-content\/uploads\/2023\/11\/Validation-starter-package-sv-1.png?strip=all\" alt=\"\" class=\"wp-image-11101\" style=\"aspect-ratio:1.6853932584269662;width:844px;height:auto\" srcset=\"https:\/\/en2obzn6m33.exactdn.com\/wp-content\/uploads\/2023\/11\/Validation-starter-package-sv-1.png?strip=all 300w, https:\/\/en2obzn6m33.exactdn.com\/wp-content\/uploads\/2023\/11\/Validation-starter-package-sv-1-18x12.png?strip=all 18w, https:\/\/en2obzn6m33.exactdn.com\/wp-content\/uploads\/2023\/11\/Validation-starter-package-sv-1.png?strip=all&amp;w=120 120w, https:\/\/en2obzn6m33.exactdn.com\/wp-content\/uploads\/2023\/11\/Validation-starter-package-sv-1.png?strip=all&amp;w=180 180w, https:\/\/en2obzn6m33.exactdn.com\/wp-content\/uploads\/2023\/11\/Validation-starter-package-sv-1.png?strip=all&amp;w=240 240w\" sizes=\"(max-width: 300px) 100vw, 300px\" \/><\/figure>\n\n\n\n<p>Advantum Valideringsstartpaket \u00e4r ett standardpaket som inneh\u00e5ller en upps\u00e4ttning av dokument som kr\u00e4vs f\u00f6r att utf\u00f6ra en validering av Advantums f\u00f6rkonfigurationer. D\u00e5 m\u00e5nga av dokumenten \u00e4r skrivna g\u00e5r det snabbt att komma ig\u00e5ng och p\u00e5b\u00f6rja arbetet med valideringen som t.ex. utf\u00f6ra de f\u00e4rdiga testfallen som finns. I de dokument d\u00e4r det kr\u00e4vs att information skrivs s\u00e5 finns det v\u00e4gledande instruktioner kring vad som ska skrivas under respektive del.<\/p>\n\n\n\n<p>Advantum Valideringsstartpaket g\u00e5r att kombinera med f\u00f6ljande f\u00f6rkonfigurationer: Avtalshantering, Dokumenthantering, Dossierhantering MedTech, Dossierhantering pharma, Leverant\u00f6rshantering, Reklamation &amp; avvikelsehantering, Utbildningshantering och \u00c4ndringshantering.<\/p>\n\n\n\n<p>InfoTech Scandinavia kan \u00e4ven bist\u00e5 med hj\u00e4lp att genomf\u00f6ra vissa moment i valideringen som t.ex. att fylla i Installation qualification protocol och utf\u00f6ra testerna i Operational qualification protocol eller fungera som ett bollplank.<\/p>\n\n\n\n<p>Dokument som ing\u00e5r i Advantum Valideringsstartpaket:<\/p>\n\n\n\n<ul class=\"wp-block-list\">\n<li>User requirement specification<\/li>\n\n\n\n<li>System requirement specification<\/li>\n\n\n\n<li>Configuration specification<\/li>\n\n\n\n<li>Installation qualification protocol<\/li>\n\n\n\n<li>Operational qualification protocol<\/li>\n\n\n\n<li>Performance qualification protocol<\/li>\n\n\n\n<li>Test report<\/li>\n\n\n\n<li>Deviation log<\/li>\n\n\n\n<li>Deviation form<\/li>\n\n\n\n<li>Requirement traceability matrix<\/li>\n\n\n\n<li>Risk assessment<\/li>\n\n\n\n<li>Validation plan<\/li>\n\n\n\n<li>Validation report<\/li>\n<\/ul>","protected":false},"excerpt":{"rendered":"<p>Valideringsstartpaket N\u00e4r ett system ska valideras kan det vara sv\u00e5rt att veta var man ska b\u00f6rja och det kan \u00e4ven ta mycket tid. Validering \u00e4r n\u00e5got som utf\u00f6rs f\u00f6r att s\u00e4kerst\u00e4lla att systemet m\u00f6ter de krav som st\u00e4lls och att det m\u00f6ter det avsedda anv\u00e4ndningsomr\u00e5det satt fr\u00e5n verksamheten. Advantum Valideringsstartpaket \u00e4r ett standardpaket som inneh\u00e5ller [&hellip;]<\/p>\n","protected":false},"author":2,"featured_media":0,"parent":0,"menu_order":0,"comment_status":"closed","ping_status":"closed","template":"","meta":{"footnotes":""},"class_list":["post-11090","page","type-page","status-publish","hentry"],"_links":{"self":[{"href":"https:\/\/advantum.com\/en\/wp-json\/wp\/v2\/pages\/11090","targetHints":{"allow":["GET"]}}],"collection":[{"href":"https:\/\/advantum.com\/en\/wp-json\/wp\/v2\/pages"}],"about":[{"href":"https:\/\/advantum.com\/en\/wp-json\/wp\/v2\/types\/page"}],"author":[{"embeddable":true,"href":"https:\/\/advantum.com\/en\/wp-json\/wp\/v2\/users\/2"}],"replies":[{"embeddable":true,"href":"https:\/\/advantum.com\/en\/wp-json\/wp\/v2\/comments?post=11090"}],"version-history":[{"count":14,"href":"https:\/\/advantum.com\/en\/wp-json\/wp\/v2\/pages\/11090\/revisions"}],"predecessor-version":[{"id":11484,"href":"https:\/\/advantum.com\/en\/wp-json\/wp\/v2\/pages\/11090\/revisions\/11484"}],"wp:attachment":[{"href":"https:\/\/advantum.com\/en\/wp-json\/wp\/v2\/media?parent=11090"}],"curies":[{"name":"wp","href":"https:\/\/api.w.org\/{rel}","templated":true}]}}