{"id":11228,"date":"2024-05-27T16:07:44","date_gmt":"2024-05-27T14:07:44","guid":{"rendered":"http:\/\/advantum.com\/?page_id=11228"},"modified":"2025-10-16T13:11:28","modified_gmt":"2025-10-16T11:11:28","slug":"basic","status":"publish","type":"page","link":"https:\/\/advantum.com\/en\/basic\/","title":{"rendered":"Basic"},"content":{"rendered":"<h1 class=\"wp-block-heading\" id=\"advantum-life-science-suite-basic\">Basic<\/h1>\n\n\n\n<h5 class=\"wp-block-heading\" id=\"advantum-life-sciences-suite-basic-lss-basic-ar-ett-molnbaserad-document-management-system-dms-for-organisationer-och-foretag-verksamma-inom-life-science-lss-basic-ar-en-enklare-version-av-sin-storebror-life-science-suite-lss-och-vander-sig-till-de-verksamheter-inom-life-science-som-vill-borja-med-dokumenthantering-och-avtal-digitalt-pa-ett-mer-strukturerat-satt\">Advantum Basic is an industry solution which is aimed towards smaller companies and organizations that want to start with electronic document management in a more controlled and structured way.<\/h5>\n\n\n\n<p><\/p>\n\n\n\n<figure class=\"wp-block-image size-large\"><img decoding=\"async\" width=\"1024\" height=\"594\" src=\"https:\/\/en2obzn6m33.exactdn.com\/wp-content\/uploads\/2024\/05\/Advantum-branschlosning-Basic-sv-1024x594.jpg?strip=all\" alt=\"\" class=\"wp-image-11232\" srcset=\"https:\/\/en2obzn6m33.exactdn.com\/wp-content\/uploads\/2024\/05\/Advantum-branschlosning-Basic-sv-1024x594.jpg?strip=all 1024w, https:\/\/en2obzn6m33.exactdn.com\/wp-content\/uploads\/2024\/05\/Advantum-branschlosning-Basic-sv-300x174.jpg?strip=all 300w, https:\/\/en2obzn6m33.exactdn.com\/wp-content\/uploads\/2024\/05\/Advantum-branschlosning-Basic-sv-768x445.jpg?strip=all 768w, https:\/\/en2obzn6m33.exactdn.com\/wp-content\/uploads\/2024\/05\/Advantum-branschlosning-Basic-sv-1536x891.jpg?strip=all 1536w, https:\/\/en2obzn6m33.exactdn.com\/wp-content\/uploads\/2024\/05\/Advantum-branschlosning-Basic-sv-2048x1188.jpg?strip=all 2048w, https:\/\/en2obzn6m33.exactdn.com\/wp-content\/uploads\/2024\/05\/Advantum-branschlosning-Basic-sv-18x10.jpg?strip=all 18w, https:\/\/en2obzn6m33.exactdn.com\/wp-content\/uploads\/2024\/05\/Advantum-branschlosning-Basic-sv.jpg?strip=all 2121w, https:\/\/en2obzn6m33.exactdn.com\/wp-content\/uploads\/2024\/05\/Advantum-branschlosning-Basic-sv.jpg?strip=all&amp;w=424 424w, https:\/\/en2obzn6m33.exactdn.com\/wp-content\/uploads\/2024\/05\/Advantum-branschlosning-Basic-sv.jpg?strip=all&amp;w=848 848w, https:\/\/en2obzn6m33.exactdn.com\/wp-content\/uploads\/2024\/05\/Advantum-branschlosning-Basic-sv.jpg?strip=all&amp;w=1272 1272w, https:\/\/en2obzn6m33.exactdn.com\/wp-content\/uploads\/2024\/05\/Advantum-branschlosning-Basic-sv.jpg?strip=all&amp;w=1696 1696w\" sizes=\"(max-width: 1024px) 100vw, 1024px\" \/><\/figure>\n\n\n\n<p>Advantum Basic includes both the platform and a pre-configuration that is intended to function as an eDMS (electronic Document Management System). What is included in this industry solution has been developed based on our long experience of document management and is made to suit several different types of businesses in different sectors. <\/p>\n\n\n\n<p>Use of this industry solution makes it easy and efficient to manage and structure all types of documentation. It is well suited for companies and organizations that are smaller and is in the start up to manage their documentation electronically in order to make it more accessible and controlled.<\/p>\n\n\n\n<p>Choosing to start with Advantum Basic does not mean that the functionality cannot grow in pace with the company and if the needs changes. This is thanks to the fact that Advantum is very flexible and configurable which means that it is quick and easy to make any changes that are needed but still be within the scope of a standard product.<\/p>\n\n\n\n<p>Selection of this industry solution in combination with our operational solution Advantum ASP-service makes it quick to get started and makes the solution worry-free as you don\u2019t have to think about the operation of the system.<\/p>\n\n\n\n<p>Advantum Basic includes the following pre-configuration:<\/p>\n\n\n\n<ul class=\"wp-block-list\">\n<li>Basic document management<\/li>\n<\/ul>\n\n\n\n<p><\/p>","protected":false},"excerpt":{"rendered":"<p>Basic Advantum Basic \u00e4r en branschl\u00f6sning som riktar sig mot mindre f\u00f6retag och organisationer som vill b\u00f6rja med elektronisk dokumenthantering p\u00e5 ett mer kontrollerat och strukturerat s\u00e4tt. I Advantum Basic ing\u00e5r dels Advantum plattformen, dels en f\u00f6rkonfiguration som \u00e4r tillt\u00e4nkt att fungera som ett eDMS (electronic Document Management System). Det som ing\u00e5r i denna branschl\u00f6sning [&hellip;]<\/p>\n","protected":false},"author":2,"featured_media":261,"parent":0,"menu_order":0,"comment_status":"closed","ping_status":"closed","template":"","meta":{"footnotes":""},"class_list":["post-11228","page","type-page","status-publish","has-post-thumbnail","hentry"],"_links":{"self":[{"href":"https:\/\/advantum.com\/en\/wp-json\/wp\/v2\/pages\/11228","targetHints":{"allow":["GET"]}}],"collection":[{"href":"https:\/\/advantum.com\/en\/wp-json\/wp\/v2\/pages"}],"about":[{"href":"https:\/\/advantum.com\/en\/wp-json\/wp\/v2\/types\/page"}],"author":[{"embeddable":true,"href":"https:\/\/advantum.com\/en\/wp-json\/wp\/v2\/users\/2"}],"replies":[{"embeddable":true,"href":"https:\/\/advantum.com\/en\/wp-json\/wp\/v2\/comments?post=11228"}],"version-history":[{"count":4,"href":"https:\/\/advantum.com\/en\/wp-json\/wp\/v2\/pages\/11228\/revisions"}],"predecessor-version":[{"id":11642,"href":"https:\/\/advantum.com\/en\/wp-json\/wp\/v2\/pages\/11228\/revisions\/11642"}],"wp:featuredmedia":[{"embeddable":true,"href":"https:\/\/advantum.com\/en\/wp-json\/wp\/v2\/media\/261"}],"wp:attachment":[{"href":"https:\/\/advantum.com\/en\/wp-json\/wp\/v2\/media?parent=11228"}],"curies":[{"name":"wp","href":"https:\/\/api.w.org\/{rel}","templated":true}]}}