{"id":11621,"date":"2025-10-09T20:51:54","date_gmt":"2025-10-09T18:51:54","guid":{"rendered":"http:\/\/advantum.com\/?page_id=11621"},"modified":"2025-10-10T11:42:55","modified_gmt":"2025-10-10T09:42:55","slug":"facility-information","status":"publish","type":"page","link":"https:\/\/advantum.com\/en\/anlaggningsinformation\/","title":{"rendered":"Informationssystem (DMS) f\u00f6r anl\u00e4ggningar, Anl\u00e4ggningsinformation"},"content":{"rendered":"","protected":false},"excerpt":{"rendered":"","protected":false},"author":1,"featured_media":0,"parent":0,"menu_order":0,"comment_status":"closed","ping_status":"closed","template":"","meta":{"footnotes":""},"class_list":["post-11621","page","type-page","status-publish","hentry"],"_links":{"self":[{"href":"https:\/\/advantum.com\/en\/wp-json\/wp\/v2\/pages\/11621","targetHints":{"allow":["GET"]}}],"collection":[{"href":"https:\/\/advantum.com\/en\/wp-json\/wp\/v2\/pages"}],"about":[{"href":"https:\/\/advantum.com\/en\/wp-json\/wp\/v2\/types\/page"}],"author":[{"embeddable":true,"href":"https:\/\/advantum.com\/en\/wp-json\/wp\/v2\/users\/1"}],"replies":[{"embeddable":true,"href":"https:\/\/advantum.com\/en\/wp-json\/wp\/v2\/comments?post=11621"}],"version-history":[{"count":5,"href":"https:\/\/advantum.com\/en\/wp-json\/wp\/v2\/pages\/11621\/revisions"}],"predecessor-version":[{"id":11640,"href":"https:\/\/advantum.com\/en\/wp-json\/wp\/v2\/pages\/11621\/revisions\/11640"}],"wp:attachment":[{"href":"https:\/\/advantum.com\/en\/wp-json\/wp\/v2\/media?parent=11621"}],"curies":[{"name":"wp","href":"https:\/\/api.w.org\/{rel}","templated":true}]}}