{"id":11727,"date":"2025-11-26T11:51:45","date_gmt":"2025-11-26T10:51:45","guid":{"rendered":"http:\/\/advantum.com\/?page_id=11727"},"modified":"2025-11-26T14:24:15","modified_gmt":"2025-11-26T13:24:15","slug":"change-control","status":"publish","type":"page","link":"https:\/\/advantum.com\/en\/andringshantering\/","title":{"rendered":"System f\u00f6r \u00e4ndringshanteringar med sp\u00e5rbarhet - Advantum"},"content":{"rendered":"","protected":false},"excerpt":{"rendered":"","protected":false},"author":1,"featured_media":0,"parent":0,"menu_order":0,"comment_status":"closed","ping_status":"closed","template":"","meta":{"footnotes":""},"class_list":["post-11727","page","type-page","status-publish","hentry"],"_links":{"self":[{"href":"https:\/\/advantum.com\/en\/wp-json\/wp\/v2\/pages\/11727","targetHints":{"allow":["GET"]}}],"collection":[{"href":"https:\/\/advantum.com\/en\/wp-json\/wp\/v2\/pages"}],"about":[{"href":"https:\/\/advantum.com\/en\/wp-json\/wp\/v2\/types\/page"}],"author":[{"embeddable":true,"href":"https:\/\/advantum.com\/en\/wp-json\/wp\/v2\/users\/1"}],"replies":[{"embeddable":true,"href":"https:\/\/advantum.com\/en\/wp-json\/wp\/v2\/comments?post=11727"}],"version-history":[{"count":1,"href":"https:\/\/advantum.com\/en\/wp-json\/wp\/v2\/pages\/11727\/revisions"}],"predecessor-version":[{"id":11728,"href":"https:\/\/advantum.com\/en\/wp-json\/wp\/v2\/pages\/11727\/revisions\/11728"}],"wp:attachment":[{"href":"https:\/\/advantum.com\/en\/wp-json\/wp\/v2\/media?parent=11727"}],"curies":[{"name":"wp","href":"https:\/\/api.w.org\/{rel}","templated":true}]}}