{"id":258,"date":"2021-10-21T13:14:40","date_gmt":"2021-10-21T11:14:40","guid":{"rendered":"http:\/\/advantum.com\/?page_id=258"},"modified":"2025-09-18T12:47:31","modified_gmt":"2025-09-18T10:47:31","slug":"life-science-suite","status":"publish","type":"page","link":"https:\/\/advantum.com\/en\/life-science-suite\/","title":{"rendered":"Life science suite"},"content":{"rendered":"<h1 class=\"wp-block-heading\" id=\"advantum-life-science-suite\">Life science suite<\/h1>\n\n\n\n<h5 class=\"wp-block-heading\" id=\"advantum-life-science-suite-ar-ett-nischat-elektroniskt-quality-management-system-eqms-for-foretag-och-organisationer-verksamma-inom-life-science-systemet-ar-framtaget-och-utvecklat-for-att-kunna-uppfylla-och-valideras-enligt-stranga-regulatoriska-krav-och-internationella-kvalitetsstandarder\">Advantum Life science suite is an industry solution that is aimed towards companies and organizations which operates in the Life science sector. The industry solution is an electronic quality system that is produced and developed to be able to meet and be validated according to strict regulatory requirements and international quality standards.<\/h5>\n\n\n\n<p><\/p>\n\n\n\n<figure class=\"wp-block-image size-large\"><img decoding=\"async\" width=\"1024\" height=\"496\" src=\"https:\/\/en2obzn6m33.exactdn.com\/wp-content\/uploads\/2022\/04\/life-science-bild-1-1024x496.jpg?strip=all\" alt=\"Life Science dokumenthantering\" class=\"wp-image-10599\" srcset=\"https:\/\/en2obzn6m33.exactdn.com\/wp-content\/uploads\/2022\/04\/life-science-bild-1-1024x496.jpg?strip=all 1024w, https:\/\/en2obzn6m33.exactdn.com\/wp-content\/uploads\/2022\/04\/life-science-bild-1-300x145.jpg?strip=all 300w, https:\/\/en2obzn6m33.exactdn.com\/wp-content\/uploads\/2022\/04\/life-science-bild-1-768x372.jpg?strip=all 768w, https:\/\/en2obzn6m33.exactdn.com\/wp-content\/uploads\/2022\/04\/life-science-bild-1-18x9.jpg?strip=all 18w, https:\/\/en2obzn6m33.exactdn.com\/wp-content\/uploads\/2022\/04\/life-science-bild-1.jpg?strip=all 1032w, https:\/\/en2obzn6m33.exactdn.com\/wp-content\/uploads\/2022\/04\/life-science-bild-1.jpg?strip=all&amp;w=206 206w, https:\/\/en2obzn6m33.exactdn.com\/wp-content\/uploads\/2022\/04\/life-science-bild-1.jpg?strip=all&amp;w=412 412w, https:\/\/en2obzn6m33.exactdn.com\/wp-content\/uploads\/2022\/04\/life-science-bild-1.jpg?strip=all&amp;w=619 619w, https:\/\/en2obzn6m33.exactdn.com\/wp-content\/uploads\/2022\/04\/life-science-bild-1.jpg?strip=all&amp;w=825 825w\" sizes=\"(max-width: 1024px) 100vw, 1024px\" \/><\/figure>\n\n\n\n<p>Advantum Life science suite includes several products, Advantum platform, several pre-configurations that are intended to work as an eQMS (electronic Quality Management System). What is included in this industry solution has been developed together with some of Sweden\u2019s leading players in this sector and based on the long experience we have in developing solutions for companies and organizations in this sector.<\/p>\n\n\n\n<p>This industry solution is today used by both Swedish and foreign companies and organizations who must safely and efficiently manage their contracts, documents, SOP:s, product dossiers, suppliers, claims, deviations, training materials and changes to meet the regulatory requirements that exist.<\/p>\n\n\n\n<p>Advantum Life science suite and its included products have undergone several validation processes to ensure intended use but also to ensure that it meets the requirements that are set in for example ISO (International Organization for Standardization), GMP (Good Manufacturing Practice) and FDA (Food and Drug Administration) which is proof that this industry solution meets the strict quality requirements that are set.<\/p>\n\n\n\n<p>It is possible to combine this industry solution with other pre-configurations if there is a need to manage other types of information than what is included in this industry solution. Thanks to Advantum being very flexible and configurable, it also opens up the possibility to quickly and easily make any changes that are needed but still be within the framework of a standard product. <\/p>\n\n\n\n<p>Advantum Life Sciences Suite includes:<\/p>\n\n\n\n<ul class=\"wp-block-list\">\n<li>Contract management<\/li>\n\n\n\n<li>Document management<\/li>\n\n\n\n<li>Dossier Management MedTech<\/li>\n\n\n\n<li>Dossier management pharma<\/li>\n\n\n\n<li>Supplier Management<\/li>\n\n\n\n<li>Claim &amp; deviation management<\/li>\n\n\n\n<li>Training management<\/li>\n\n\n\n<li>Change Control<\/li>\n<\/ul>\n\n\n\n<p>Advantum Life Sciences Suite includes the following documentation:<\/p>\n\n\n\n<ul class=\"wp-block-list\">\n<li>Validation starter package<\/li>\n<\/ul>","protected":false},"excerpt":{"rendered":"<p>Life science suite Advantum Life science suite \u00e4r en branschl\u00f6sning som riktar sig mot f\u00f6retag och organisationer som \u00e4r verksamma inom Life science sektorn. Branschl\u00f6sningen \u00e4r ett elektroniskt kvalitetssystem som \u00e4r framtaget och utvecklat f\u00f6r att kunna uppfylla och valideras enligt str\u00e4nga regulatoriska krav och internationella kvalitetsstandarder. I Advantum Life science suite ing\u00e5r det flera [&hellip;]<\/p>\n","protected":false},"author":1,"featured_media":261,"parent":0,"menu_order":0,"comment_status":"closed","ping_status":"closed","template":"","meta":{"footnotes":""},"class_list":["post-258","page","type-page","status-publish","has-post-thumbnail","hentry"],"_links":{"self":[{"href":"https:\/\/advantum.com\/en\/wp-json\/wp\/v2\/pages\/258","targetHints":{"allow":["GET"]}}],"collection":[{"href":"https:\/\/advantum.com\/en\/wp-json\/wp\/v2\/pages"}],"about":[{"href":"https:\/\/advantum.com\/en\/wp-json\/wp\/v2\/types\/page"}],"author":[{"embeddable":true,"href":"https:\/\/advantum.com\/en\/wp-json\/wp\/v2\/users\/1"}],"replies":[{"embeddable":true,"href":"https:\/\/advantum.com\/en\/wp-json\/wp\/v2\/comments?post=258"}],"version-history":[{"count":29,"href":"https:\/\/advantum.com\/en\/wp-json\/wp\/v2\/pages\/258\/revisions"}],"predecessor-version":[{"id":11590,"href":"https:\/\/advantum.com\/en\/wp-json\/wp\/v2\/pages\/258\/revisions\/11590"}],"wp:featuredmedia":[{"embeddable":true,"href":"https:\/\/advantum.com\/en\/wp-json\/wp\/v2\/media\/261"}],"wp:attachment":[{"href":"https:\/\/advantum.com\/en\/wp-json\/wp\/v2\/media?parent=258"}],"curies":[{"name":"wp","href":"https:\/\/api.w.org\/{rel}","templated":true}]}}