{"id":475,"date":"2022-01-19T09:12:43","date_gmt":"2022-01-19T09:12:43","guid":{"rendered":"http:\/\/advantum.com\/?page_id=475"},"modified":"2025-05-27T17:21:30","modified_gmt":"2025-05-27T15:21:30","slug":"about-us","status":"publish","type":"page","link":"https:\/\/advantum.com\/en\/om-oss\/","title":{"rendered":"About us"},"content":{"rendered":"<h1 class=\"wp-block-heading\">InfoTech Scandinavia AB<\/h1>\n\n\n\n<h5 class=\"wp-block-heading\">InfoTech Scandinavia offers a unique solution under the Advantum brand. Advantum is developed and marketed by InfoTech Scandinavia AB, which also takes responsibility for installation, support, training, and special modification in collaboration with our selected partners.<\/h5>\n\n\n\n<div style=\"height:50px\" aria-hidden=\"true\" class=\"wp-block-spacer\"><\/div>\n\n\n\n<figure class=\"wp-block-gallery has-nested-images columns-default wp-block-gallery-1 is-layout-flex wp-block-gallery-is-layout-flex\">\n<figure class=\"wp-block-image size-full\"><img decoding=\"async\" width=\"682\" height=\"461\" data-id=\"10790\" src=\"https:\/\/en2obzn6m33.exactdn.com\/wp-content\/uploads\/2022\/08\/advantum-malmo-balthazarsgatan.jpg?strip=all\" alt=\"\" class=\"wp-image-10790\" srcset=\"https:\/\/en2obzn6m33.exactdn.com\/wp-content\/uploads\/2022\/08\/advantum-malmo-balthazarsgatan.jpg?strip=all 682w, https:\/\/en2obzn6m33.exactdn.com\/wp-content\/uploads\/2022\/08\/advantum-malmo-balthazarsgatan-300x203.jpg?strip=all 300w, https:\/\/en2obzn6m33.exactdn.com\/wp-content\/uploads\/2022\/08\/advantum-malmo-balthazarsgatan-18x12.jpg?strip=all 18w, https:\/\/en2obzn6m33.exactdn.com\/wp-content\/uploads\/2022\/08\/advantum-malmo-balthazarsgatan.jpg?strip=all&amp;w=136 136w, https:\/\/en2obzn6m33.exactdn.com\/wp-content\/uploads\/2022\/08\/advantum-malmo-balthazarsgatan.jpg?strip=all&amp;w=409 409w, https:\/\/en2obzn6m33.exactdn.com\/wp-content\/uploads\/2022\/08\/advantum-malmo-balthazarsgatan.jpg?strip=all&amp;w=545 545w\" sizes=\"(max-width: 682px) 100vw, 682px\" \/><\/figure>\n\n\n\n<figure class=\"wp-block-image size-full\"><img decoding=\"async\" width=\"682\" height=\"461\" data-id=\"10736\" src=\"https:\/\/en2obzn6m33.exactdn.com\/wp-content\/uploads\/2022\/04\/advantum-lokaler.jpg?strip=all\" alt=\"\" class=\"wp-image-10736\" srcset=\"https:\/\/en2obzn6m33.exactdn.com\/wp-content\/uploads\/2022\/04\/advantum-lokaler.jpg?strip=all 682w, https:\/\/en2obzn6m33.exactdn.com\/wp-content\/uploads\/2022\/04\/advantum-lokaler-300x203.jpg?strip=all 300w, https:\/\/en2obzn6m33.exactdn.com\/wp-content\/uploads\/2022\/04\/advantum-lokaler-18x12.jpg?strip=all 18w, https:\/\/en2obzn6m33.exactdn.com\/wp-content\/uploads\/2022\/04\/advantum-lokaler.jpg?strip=all&amp;w=136 136w, https:\/\/en2obzn6m33.exactdn.com\/wp-content\/uploads\/2022\/04\/advantum-lokaler.jpg?strip=all&amp;w=409 409w, https:\/\/en2obzn6m33.exactdn.com\/wp-content\/uploads\/2022\/04\/advantum-lokaler.jpg?strip=all&amp;w=545 545w\" sizes=\"(max-width: 682px) 100vw, 682px\" \/><\/figure>\n<\/figure>\n\n\n\n<div style=\"height:20px\" aria-hidden=\"true\" class=\"wp-block-spacer\"><\/div>\n\n\n\n<p>InfoTech Scandinavia is focused solely on <a href=\"http:\/\/advantum.com\/en\/\">Advantum<\/a> , with over 20 years of experience in document management and PDM solutions. We have offices in Malm\u00f6 and Stockholm, Sweden, and with our international partners, we ensure our customers receive the highest quality service regardless where they are. Since the beginning, we have been a subsidiary of&nbsp;<a rel=\"noreferrer noopener\" href=\"http:\/\/danir.se\/\" target=\"_blank\">Danir<\/a>, one of the largest and fastest growing business owners in the Swedish IT sector.<\/p>\n\n\n\n<p>We are proud to be able to present some of the world's most well-known and respected companies in our client portfolio. Companies such as AstraZeneca, ASSA ABLOY, Group 4 Securicor, IKEA, Pfizer and Tarkett as well as small and medium-sized companies such as Saft Batteries, KeyPlants, Orexo and Zealand Pharma use Advantum for their information management. The wide spectrum of successful companies using Advantum has given us enormous experience in the demands placed on information management - an experience that makes us a competent supplier to our new customers.\u00a0<\/p>\n\n\n\n<p><\/p>","protected":false},"excerpt":{"rendered":"<p>InfoTech Scandinavia AB InfoTech Scandinavia AB erbjuder ett unikt informationssystem under varum\u00e4rket Advantum. Systemet \u00e4r sedan starten framtagen i n\u00e4ra samarbete med ledande f\u00f6retag inom svensk industri. InfoTech utvecklar, supportar, marknadsf\u00f6r och s\u00e4ljer Advantum och tar \u00e4ven helhetsansvar f\u00f6r s\u00e5v\u00e4l installation, support, utbildning och kundunika konfigureringar. Hos oss finner Ni en etablerad leverant\u00f6r med gedigen [&hellip;]<\/p>\n","protected":false},"author":1,"featured_media":261,"parent":0,"menu_order":0,"comment_status":"closed","ping_status":"closed","template":"","meta":{"footnotes":""},"class_list":["post-475","page","type-page","status-publish","has-post-thumbnail","hentry"],"_links":{"self":[{"href":"https:\/\/advantum.com\/en\/wp-json\/wp\/v2\/pages\/475","targetHints":{"allow":["GET"]}}],"collection":[{"href":"https:\/\/advantum.com\/en\/wp-json\/wp\/v2\/pages"}],"about":[{"href":"https:\/\/advantum.com\/en\/wp-json\/wp\/v2\/types\/page"}],"author":[{"embeddable":true,"href":"https:\/\/advantum.com\/en\/wp-json\/wp\/v2\/users\/1"}],"replies":[{"embeddable":true,"href":"https:\/\/advantum.com\/en\/wp-json\/wp\/v2\/comments?post=475"}],"version-history":[{"count":16,"href":"https:\/\/advantum.com\/en\/wp-json\/wp\/v2\/pages\/475\/revisions"}],"predecessor-version":[{"id":11490,"href":"https:\/\/advantum.com\/en\/wp-json\/wp\/v2\/pages\/475\/revisions\/11490"}],"wp:featuredmedia":[{"embeddable":true,"href":"https:\/\/advantum.com\/en\/wp-json\/wp\/v2\/media\/261"}],"wp:attachment":[{"href":"https:\/\/advantum.com\/en\/wp-json\/wp\/v2\/media?parent=475"}],"curies":[{"name":"wp","href":"https:\/\/api.w.org\/{rel}","templated":true}]}}