{"id":491,"date":"2022-01-19T13:38:28","date_gmt":"2022-01-19T13:38:28","guid":{"rendered":"http:\/\/advantum.com\/?page_id=491"},"modified":"2022-09-12T14:18:25","modified_gmt":"2022-09-12T12:18:25","slug":"advantum-careers","status":"publish","type":"page","link":"https:\/\/advantum.com\/en\/karriar\/","title":{"rendered":"Karri\u00e4r \u2013 jobba med det b\u00e4sta systemet inom dokumenthantering"},"content":{"rendered":"<h1 class=\"wp-block-heading\">InfoTech Scandinavia as workplace<\/h1>\n\n\n\n<p>InfoTech Scandinavia offers you the opportunity to work with customers and technology in highest world class! With us you\u2019ll have the chance to become an expert in your field and contribute to our continuing growth. We are an important provider to our customers, and our system is used across the world. At InfoTech Scandinavia, your skills and drive will be critical to our future we see our co-workers are our greatest asset. We work in comfortable modern offices with creativity and cooperation as our priority.<\/p>\n\n\n\n<figure class=\"wp-block-image size-large\"><img decoding=\"async\" width=\"1024\" height=\"496\" src=\"https:\/\/en2obzn6m33.exactdn.com\/wp-content\/uploads\/2022\/04\/reklamationshantering-1024x496.jpg?strip=all\" alt=\"\" class=\"wp-image-10674\" srcset=\"https:\/\/en2obzn6m33.exactdn.com\/wp-content\/uploads\/2022\/04\/reklamationshantering-1024x496.jpg?strip=all 1024w, https:\/\/en2obzn6m33.exactdn.com\/wp-content\/uploads\/2022\/04\/reklamationshantering-300x145.jpg?strip=all 300w, https:\/\/en2obzn6m33.exactdn.com\/wp-content\/uploads\/2022\/04\/reklamationshantering-768x372.jpg?strip=all 768w, https:\/\/en2obzn6m33.exactdn.com\/wp-content\/uploads\/2022\/04\/reklamationshantering-18x9.jpg?strip=all 18w, https:\/\/en2obzn6m33.exactdn.com\/wp-content\/uploads\/2022\/04\/reklamationshantering.jpg?strip=all 1032w, https:\/\/en2obzn6m33.exactdn.com\/wp-content\/uploads\/2022\/04\/reklamationshantering.jpg?strip=all&amp;w=206 206w, https:\/\/en2obzn6m33.exactdn.com\/wp-content\/uploads\/2022\/04\/reklamationshantering.jpg?strip=all&amp;w=412 412w, https:\/\/en2obzn6m33.exactdn.com\/wp-content\/uploads\/2022\/04\/reklamationshantering.jpg?strip=all&amp;w=619 619w, https:\/\/en2obzn6m33.exactdn.com\/wp-content\/uploads\/2022\/04\/reklamationshantering.jpg?strip=all&amp;w=825 825w\" sizes=\"(max-width: 1024px) 100vw, 1024px\" \/><\/figure>\n\n\n\n<h5 class=\"wp-block-heading\">Feel free to read more about our current vacancies.<\/h5>\n\n\n\n<div style=\"height:50px\" aria-hidden=\"true\" class=\"wp-block-spacer\"><\/div>","protected":false},"excerpt":{"rendered":"<p>InfoTech Scandinavia som arbetsplats InfoTech Scandinavia erbjuder dig m\u00f6jligheten att arbeta med kunder och teknik i absoluta v\u00e4rldsklass! Hos oss f\u00e5r du m\u00f6jligheten att bli riktigt duktig p\u00e5 ditt omr\u00e5de och bidra till bolagets fortsatta tillv\u00e4xt. Vi \u00e4r en viktig leverant\u00f6r till v\u00e5ra kunder och v\u00e5rt system anv\u00e4nds v\u00e4rlden \u00f6ver. P\u00e5 InfoTech Scandinavia kommer ditt [&hellip;]<\/p>\n","protected":false},"author":1,"featured_media":261,"parent":0,"menu_order":0,"comment_status":"closed","ping_status":"closed","template":"","meta":{"footnotes":""},"class_list":["post-491","page","type-page","status-publish","has-post-thumbnail","hentry"],"_links":{"self":[{"href":"https:\/\/advantum.com\/en\/wp-json\/wp\/v2\/pages\/491","targetHints":{"allow":["GET"]}}],"collection":[{"href":"https:\/\/advantum.com\/en\/wp-json\/wp\/v2\/pages"}],"about":[{"href":"https:\/\/advantum.com\/en\/wp-json\/wp\/v2\/types\/page"}],"author":[{"embeddable":true,"href":"https:\/\/advantum.com\/en\/wp-json\/wp\/v2\/users\/1"}],"replies":[{"embeddable":true,"href":"https:\/\/advantum.com\/en\/wp-json\/wp\/v2\/comments?post=491"}],"version-history":[{"count":8,"href":"https:\/\/advantum.com\/en\/wp-json\/wp\/v2\/pages\/491\/revisions"}],"predecessor-version":[{"id":10695,"href":"https:\/\/advantum.com\/en\/wp-json\/wp\/v2\/pages\/491\/revisions\/10695"}],"wp:featuredmedia":[{"embeddable":true,"href":"https:\/\/advantum.com\/en\/wp-json\/wp\/v2\/media\/261"}],"wp:attachment":[{"href":"https:\/\/advantum.com\/en\/wp-json\/wp\/v2\/media?parent=491"}],"curies":[{"name":"wp","href":"https:\/\/api.w.org\/{rel}","templated":true}]}}